{"id":26,"date":"2023-01-24T00:39:49","date_gmt":"2023-01-24T00:39:49","guid":{"rendered":"https:\/\/bandaterminalzero.com.br\/?page_id=26"},"modified":"2023-10-25T21:17:06","modified_gmt":"2023-10-25T21:17:06","slug":"portfolio","status":"publish","type":"page","link":"https:\/\/bandaterminalzero.com.br\/?page_id=26","title":{"rendered":"Portfolio"},"content":{"rendered":"\t\t<div data-elementor-type=\"wp-page\" data-elementor-id=\"26\" class=\"elementor elementor-26\">\n\t\t\t\t\t\t<section class=\"elementor-section elementor-top-section elementor-element elementor-element-3ed8c9e7 elementor-section-content-middle elementor-section-boxed elementor-section-height-default elementor-section-height-default\" data-id=\"3ed8c9e7\" data-element_type=\"section\">\n\t\t\t\t\t\t<div class=\"elementor-container elementor-column-gap-no\">\n\t\t\t\t\t<div class=\"elementor-column elementor-col-100 elementor-top-column elementor-element elementor-element-5734fdc1\" data-id=\"5734fdc1\" data-element_type=\"column\">\n\t\t\t<div class=\"elementor-widget-wrap elementor-element-populated\">\n\t\t\t\t\t\t<div class=\"elementor-element elementor-element-1f69af2 elementor-widget elementor-widget-heading\" data-id=\"1f69af2\" data-element_type=\"widget\" data-widget_type=\"heading.default\">\n\t\t\t\t<div class=\"elementor-widget-container\">\n\t\t\t\t\t<h1 class=\"elementor-heading-title elementor-size-default\">Portfolio<\/h1>\t\t\t\t<\/div>\n\t\t\t\t<\/div>\n\t\t\t\t<div class=\"elementor-element elementor-element-1c27e6eb elementor-widget elementor-widget-heading\" data-id=\"1c27e6eb\" data-element_type=\"widget\" data-widget_type=\"heading.default\">\n\t\t\t\t<div class=\"elementor-widget-container\">\n\t\t\t\t\t<h5 class=\"elementor-heading-title elementor-size-default\">Convidamos voc\u00ea a navegar pelo nosso portfolio e verificar por si mesmo porque somos a banda perfeita para animar o seu evento<\/h5>\t\t\t\t<\/div>\n\t\t\t\t<\/div>\n\t\t\t\t\t<\/div>\n\t\t<\/div>\n\t\t\t\t\t<\/div>\n\t\t<\/section>\n\t\t\t\t<section class=\"elementor-section elementor-top-section elementor-element elementor-element-38dfc62c elementor-section-content-middle elementor-section-full_width elementor-section-height-default elementor-section-height-default\" data-id=\"38dfc62c\" data-element_type=\"section\" data-settings=\"{&quot;background_background&quot;:&quot;classic&quot;}\">\n\t\t\t\t\t\t<div class=\"elementor-container elementor-column-gap-no\">\n\t\t\t\t\t<div class=\"elementor-column elementor-col-100 elementor-top-column elementor-element elementor-element-64047f2b\" data-id=\"64047f2b\" data-element_type=\"column\" data-settings=\"{&quot;background_background&quot;:&quot;classic&quot;}\">\n\t\t\t<div class=\"elementor-widget-wrap elementor-element-populated\">\n\t\t\t\t\t\t<section class=\"elementor-section elementor-inner-section elementor-element elementor-element-44621bb elementor-section-boxed elementor-section-height-default elementor-section-height-default\" data-id=\"44621bb\" data-element_type=\"section\">\n\t\t\t\t\t\t<div class=\"elementor-container elementor-column-gap-default\">\n\t\t\t\t\t<div class=\"elementor-column elementor-col-50 elementor-inner-column elementor-element elementor-element-2d16325\" data-id=\"2d16325\" data-element_type=\"column\" data-settings=\"{&quot;background_background&quot;:&quot;classic&quot;}\">\n\t\t\t<div class=\"elementor-widget-wrap elementor-element-populated\">\n\t\t\t\t\t<div class=\"elementor-background-overlay\"><\/div>\n\t\t\t\t\t\t<div class=\"elementor-element elementor-element-11d58ae elementor-widget elementor-widget-image\" data-id=\"11d58ae\" data-element_type=\"widget\" data-widget_type=\"image.default\">\n\t\t\t\t<div class=\"elementor-widget-container\">\n\t\t\t\t\t\t\t\t\t\t\t\t\t\t\t<img fetchpriority=\"high\" decoding=\"async\" width=\"420\" height=\"594\" src=\"https:\/\/bandaterminalzero.com.br\/wp-content\/uploads\/2023\/01\/13-removebg-preview-e1674937572488.png\" class=\"elementor-animation-grow-rotate attachment-large size-large wp-image-228\" alt=\"\" srcset=\"https:\/\/bandaterminalzero.com.br\/wp-content\/uploads\/2023\/01\/13-removebg-preview-e1674937572488.png 420w, https:\/\/bandaterminalzero.com.br\/wp-content\/uploads\/2023\/01\/13-removebg-preview-e1674937572488-212x300.png 212w\" sizes=\"(max-width: 420px) 100vw, 420px\" \/>\t\t\t\t\t\t\t\t\t\t\t\t\t\t\t<\/div>\n\t\t\t\t<\/div>\n\t\t\t\t\t<\/div>\n\t\t<\/div>\n\t\t\t\t<div class=\"elementor-column elementor-col-50 elementor-inner-column elementor-element elementor-element-5c73da7\" data-id=\"5c73da7\" data-element_type=\"column\">\n\t\t\t<div class=\"elementor-widget-wrap elementor-element-populated\">\n\t\t\t\t\t\t<div class=\"elementor-element elementor-element-18416a3 elementor-widget elementor-widget-image\" data-id=\"18416a3\" data-element_type=\"widget\" data-widget_type=\"image.default\">\n\t\t\t\t<div class=\"elementor-widget-container\">\n\t\t\t\t\t\t\t\t\t\t\t\t\t\t\t<img decoding=\"async\" width=\"420\" height=\"594\" src=\"https:\/\/bandaterminalzero.com.br\/wp-content\/uploads\/2023\/01\/11-removebg-preview-e1674937657931.png\" class=\"elementor-animation-grow-rotate attachment-large size-large wp-image-230\" alt=\"\" srcset=\"https:\/\/bandaterminalzero.com.br\/wp-content\/uploads\/2023\/01\/11-removebg-preview-e1674937657931.png 420w, https:\/\/bandaterminalzero.com.br\/wp-content\/uploads\/2023\/01\/11-removebg-preview-e1674937657931-212x300.png 212w\" sizes=\"(max-width: 420px) 100vw, 420px\" \/>\t\t\t\t\t\t\t\t\t\t\t\t\t\t\t<\/div>\n\t\t\t\t<\/div>\n\t\t\t\t\t<\/div>\n\t\t<\/div>\n\t\t\t\t\t<\/div>\n\t\t<\/section>\n\t\t\t\t<section class=\"elementor-section elementor-inner-section elementor-element elementor-element-1802b79 elementor-section-boxed elementor-section-height-default elementor-section-height-default\" data-id=\"1802b79\" data-element_type=\"section\">\n\t\t\t\t\t\t<div class=\"elementor-container elementor-column-gap-default\">\n\t\t\t\t\t<div class=\"elementor-column elementor-col-50 elementor-inner-column elementor-element elementor-element-f20438f\" data-id=\"f20438f\" data-element_type=\"column\">\n\t\t\t<div class=\"elementor-widget-wrap elementor-element-populated\">\n\t\t\t\t\t\t<div class=\"elementor-element elementor-element-a5cdc70 elementor-widget elementor-widget-image\" data-id=\"a5cdc70\" data-element_type=\"widget\" data-widget_type=\"image.default\">\n\t\t\t\t<div class=\"elementor-widget-container\">\n\t\t\t\t\t\t\t\t\t\t\t\t\t\t\t<img decoding=\"async\" width=\"420\" height=\"594\" src=\"https:\/\/bandaterminalzero.com.br\/wp-content\/uploads\/2023\/01\/10-removebg-preview-e1674937696991.png\" class=\"elementor-animation-grow-rotate attachment-large size-large wp-image-231\" alt=\"\" srcset=\"https:\/\/bandaterminalzero.com.br\/wp-content\/uploads\/2023\/01\/10-removebg-preview-e1674937696991.png 420w, https:\/\/bandaterminalzero.com.br\/wp-content\/uploads\/2023\/01\/10-removebg-preview-e1674937696991-212x300.png 212w\" sizes=\"(max-width: 420px) 100vw, 420px\" \/>\t\t\t\t\t\t\t\t\t\t\t\t\t\t\t<\/div>\n\t\t\t\t<\/div>\n\t\t\t\t\t<\/div>\n\t\t<\/div>\n\t\t\t\t<div class=\"elementor-column elementor-col-50 elementor-inner-column elementor-element elementor-element-ad61634\" data-id=\"ad61634\" data-element_type=\"column\">\n\t\t\t<div class=\"elementor-widget-wrap elementor-element-populated\">\n\t\t\t\t\t\t<div class=\"elementor-element elementor-element-dab82d6 elementor-widget elementor-widget-image\" data-id=\"dab82d6\" data-element_type=\"widget\" data-widget_type=\"image.default\">\n\t\t\t\t<div class=\"elementor-widget-container\">\n\t\t\t\t\t\t\t\t\t\t\t\t\t\t\t<img loading=\"lazy\" decoding=\"async\" width=\"420\" height=\"594\" src=\"https:\/\/bandaterminalzero.com.br\/wp-content\/uploads\/2023\/01\/9-removebg-preview-e1674937723531.png\" class=\"elementor-animation-grow-rotate attachment-large size-large wp-image-232\" alt=\"\" srcset=\"https:\/\/bandaterminalzero.com.br\/wp-content\/uploads\/2023\/01\/9-removebg-preview-e1674937723531.png 420w, https:\/\/bandaterminalzero.com.br\/wp-content\/uploads\/2023\/01\/9-removebg-preview-e1674937723531-212x300.png 212w\" sizes=\"(max-width: 420px) 100vw, 420px\" \/>\t\t\t\t\t\t\t\t\t\t\t\t\t\t\t<\/div>\n\t\t\t\t<\/div>\n\t\t\t\t\t<\/div>\n\t\t<\/div>\n\t\t\t\t\t<\/div>\n\t\t<\/section>\n\t\t\t\t<div class=\"elementor-element elementor-element-15be238 elementor-widget elementor-widget-heading\" data-id=\"15be238\" data-element_type=\"widget\" data-widget_type=\"heading.default\">\n\t\t\t\t<div class=\"elementor-widget-container\">\n\t\t\t\t\t<h2 class=\"elementor-heading-title elementor-size-default\">Folders<\/h2>\t\t\t\t<\/div>\n\t\t\t\t<\/div>\n\t\t\t\t<div class=\"elementor-element elementor-element-b546322 gallery-spacing-custom elementor-widget elementor-widget-image-gallery\" data-id=\"b546322\" data-element_type=\"widget\" data-widget_type=\"image-gallery.default\">\n\t\t\t\t<div class=\"elementor-widget-container\">\n\t\t\t\t\t\t\t<div class=\"elementor-image-gallery\">\n\t\t\t<div id='gallery-1' class='gallery galleryid-26 gallery-columns-3 gallery-size-full'><figure class='gallery-item'>\n\t\t\t<div class='gallery-icon landscape'>\n\t\t\t\t<a data-elementor-open-lightbox=\"yes\" data-elementor-lightbox-slideshow=\"b546322\" data-elementor-lightbox-title=\"36\" data-e-action-hash=\"#elementor-action%3Aaction%3Dlightbox%26settings%3DeyJpZCI6MjQ1LCJ1cmwiOiJodHRwczpcL1wvYmFuZGF0ZXJtaW5hbHplcm8uY29tLmJyXC93cC1jb250ZW50XC91cGxvYWRzXC8yMDIzXC8wMVwvMzYuanBnIiwic2xpZGVzaG93IjoiYjU0NjMyMiJ9\" href='https:\/\/bandaterminalzero.com.br\/wp-content\/uploads\/2023\/01\/36.jpg'><img loading=\"lazy\" decoding=\"async\" width=\"595\" height=\"576\" src=\"https:\/\/bandaterminalzero.com.br\/wp-content\/uploads\/2023\/01\/36.jpg\" class=\"attachment-full size-full\" alt=\"\" srcset=\"https:\/\/bandaterminalzero.com.br\/wp-content\/uploads\/2023\/01\/36.jpg 595w, https:\/\/bandaterminalzero.com.br\/wp-content\/uploads\/2023\/01\/36-300x290.jpg 300w\" sizes=\"(max-width: 595px) 100vw, 595px\" \/><\/a>\n\t\t\t<\/div><\/figure><figure class='gallery-item'>\n\t\t\t<div class='gallery-icon portrait'>\n\t\t\t\t<a data-elementor-open-lightbox=\"yes\" data-elementor-lightbox-slideshow=\"b546322\" data-elementor-lightbox-title=\"32\" data-e-action-hash=\"#elementor-action%3Aaction%3Dlightbox%26settings%3DeyJpZCI6MjQxLCJ1cmwiOiJodHRwczpcL1wvYmFuZGF0ZXJtaW5hbHplcm8uY29tLmJyXC93cC1jb250ZW50XC91cGxvYWRzXC8yMDIzXC8wMVwvMzIuanBnIiwic2xpZGVzaG93IjoiYjU0NjMyMiJ9\" href='https:\/\/bandaterminalzero.com.br\/wp-content\/uploads\/2023\/01\/32.jpg'><img loading=\"lazy\" decoding=\"async\" width=\"525\" height=\"571\" src=\"https:\/\/bandaterminalzero.com.br\/wp-content\/uploads\/2023\/01\/32.jpg\" class=\"attachment-full size-full\" alt=\"\" srcset=\"https:\/\/bandaterminalzero.com.br\/wp-content\/uploads\/2023\/01\/32.jpg 525w, https:\/\/bandaterminalzero.com.br\/wp-content\/uploads\/2023\/01\/32-276x300.jpg 276w\" sizes=\"(max-width: 525px) 100vw, 525px\" \/><\/a>\n\t\t\t<\/div><\/figure><figure class='gallery-item'>\n\t\t\t<div class='gallery-icon portrait'>\n\t\t\t\t<a data-elementor-open-lightbox=\"yes\" data-elementor-lightbox-slideshow=\"b546322\" data-elementor-lightbox-title=\"33\" data-e-action-hash=\"#elementor-action%3Aaction%3Dlightbox%26settings%3DeyJpZCI6MjQyLCJ1cmwiOiJodHRwczpcL1wvYmFuZGF0ZXJtaW5hbHplcm8uY29tLmJyXC93cC1jb250ZW50XC91cGxvYWRzXC8yMDIzXC8wMVwvMzMuanBnIiwic2xpZGVzaG93IjoiYjU0NjMyMiJ9\" href='https:\/\/bandaterminalzero.com.br\/wp-content\/uploads\/2023\/01\/33.jpg'><img loading=\"lazy\" decoding=\"async\" width=\"597\" height=\"632\" src=\"https:\/\/bandaterminalzero.com.br\/wp-content\/uploads\/2023\/01\/33.jpg\" class=\"attachment-full size-full\" alt=\"\" srcset=\"https:\/\/bandaterminalzero.com.br\/wp-content\/uploads\/2023\/01\/33.jpg 597w, https:\/\/bandaterminalzero.com.br\/wp-content\/uploads\/2023\/01\/33-283x300.jpg 283w\" sizes=\"(max-width: 597px) 100vw, 597px\" \/><\/a>\n\t\t\t<\/div><\/figure><figure class='gallery-item'>\n\t\t\t<div class='gallery-icon landscape'>\n\t\t\t\t<a data-elementor-open-lightbox=\"yes\" data-elementor-lightbox-slideshow=\"b546322\" data-elementor-lightbox-title=\"34\" data-e-action-hash=\"#elementor-action%3Aaction%3Dlightbox%26settings%3DeyJpZCI6MjQzLCJ1cmwiOiJodHRwczpcL1wvYmFuZGF0ZXJtaW5hbHplcm8uY29tLmJyXC93cC1jb250ZW50XC91cGxvYWRzXC8yMDIzXC8wMVwvMzQuanBnIiwic2xpZGVzaG93IjoiYjU0NjMyMiJ9\" href='https:\/\/bandaterminalzero.com.br\/wp-content\/uploads\/2023\/01\/34.jpg'><img loading=\"lazy\" decoding=\"async\" width=\"525\" height=\"417\" src=\"https:\/\/bandaterminalzero.com.br\/wp-content\/uploads\/2023\/01\/34.jpg\" class=\"attachment-full size-full\" alt=\"\" srcset=\"https:\/\/bandaterminalzero.com.br\/wp-content\/uploads\/2023\/01\/34.jpg 525w, https:\/\/bandaterminalzero.com.br\/wp-content\/uploads\/2023\/01\/34-300x238.jpg 300w\" sizes=\"(max-width: 525px) 100vw, 525px\" \/><\/a>\n\t\t\t<\/div><\/figure><figure class='gallery-item'>\n\t\t\t<div class='gallery-icon portrait'>\n\t\t\t\t<a data-elementor-open-lightbox=\"yes\" data-elementor-lightbox-slideshow=\"b546322\" data-elementor-lightbox-title=\"35\" data-e-action-hash=\"#elementor-action%3Aaction%3Dlightbox%26settings%3DeyJpZCI6MjQ0LCJ1cmwiOiJodHRwczpcL1wvYmFuZGF0ZXJtaW5hbHplcm8uY29tLmJyXC93cC1jb250ZW50XC91cGxvYWRzXC8yMDIzXC8wMVwvMzUuanBnIiwic2xpZGVzaG93IjoiYjU0NjMyMiJ9\" href='https:\/\/bandaterminalzero.com.br\/wp-content\/uploads\/2023\/01\/35.jpg'><img loading=\"lazy\" decoding=\"async\" width=\"525\" height=\"538\" src=\"https:\/\/bandaterminalzero.com.br\/wp-content\/uploads\/2023\/01\/35.jpg\" class=\"attachment-full size-full\" alt=\"\" srcset=\"https:\/\/bandaterminalzero.com.br\/wp-content\/uploads\/2023\/01\/35.jpg 525w, https:\/\/bandaterminalzero.com.br\/wp-content\/uploads\/2023\/01\/35-293x300.jpg 293w\" sizes=\"(max-width: 525px) 100vw, 525px\" \/><\/a>\n\t\t\t<\/div><\/figure><figure class='gallery-item'>\n\t\t\t<div class='gallery-icon landscape'>\n\t\t\t\t<a data-elementor-open-lightbox=\"yes\" data-elementor-lightbox-slideshow=\"b546322\" data-elementor-lightbox-title=\"37\" data-e-action-hash=\"#elementor-action%3Aaction%3Dlightbox%26settings%3DeyJpZCI6MjQ2LCJ1cmwiOiJodHRwczpcL1wvYmFuZGF0ZXJtaW5hbHplcm8uY29tLmJyXC93cC1jb250ZW50XC91cGxvYWRzXC8yMDIzXC8wMVwvMzcuanBnIiwic2xpZGVzaG93IjoiYjU0NjMyMiJ9\" href='https:\/\/bandaterminalzero.com.br\/wp-content\/uploads\/2023\/01\/37.jpg'><img loading=\"lazy\" decoding=\"async\" width=\"567\" height=\"551\" src=\"https:\/\/bandaterminalzero.com.br\/wp-content\/uploads\/2023\/01\/37.jpg\" class=\"attachment-full size-full\" alt=\"\" srcset=\"https:\/\/bandaterminalzero.com.br\/wp-content\/uploads\/2023\/01\/37.jpg 567w, https:\/\/bandaterminalzero.com.br\/wp-content\/uploads\/2023\/01\/37-300x292.jpg 300w\" sizes=\"(max-width: 567px) 100vw, 567px\" \/><\/a>\n\t\t\t<\/div><\/figure><figure class='gallery-item'>\n\t\t\t<div class='gallery-icon landscape'>\n\t\t\t\t<a data-elementor-open-lightbox=\"yes\" data-elementor-lightbox-slideshow=\"b546322\" data-elementor-lightbox-title=\"38\" data-e-action-hash=\"#elementor-action%3Aaction%3Dlightbox%26settings%3DeyJpZCI6MjQ3LCJ1cmwiOiJodHRwczpcL1wvYmFuZGF0ZXJtaW5hbHplcm8uY29tLmJyXC93cC1jb250ZW50XC91cGxvYWRzXC8yMDIzXC8wMVwvMzguanBnIiwic2xpZGVzaG93IjoiYjU0NjMyMiJ9\" href='https:\/\/bandaterminalzero.com.br\/wp-content\/uploads\/2023\/01\/38.jpg'><img loading=\"lazy\" decoding=\"async\" width=\"567\" height=\"561\" src=\"https:\/\/bandaterminalzero.com.br\/wp-content\/uploads\/2023\/01\/38.jpg\" class=\"attachment-full size-full\" alt=\"\" srcset=\"https:\/\/bandaterminalzero.com.br\/wp-content\/uploads\/2023\/01\/38.jpg 567w, https:\/\/bandaterminalzero.com.br\/wp-content\/uploads\/2023\/01\/38-300x297.jpg 300w\" sizes=\"(max-width: 567px) 100vw, 567px\" \/><\/a>\n\t\t\t<\/div><\/figure><figure class='gallery-item'>\n\t\t\t<div class='gallery-icon landscape'>\n\t\t\t\t<a data-elementor-open-lightbox=\"yes\" data-elementor-lightbox-slideshow=\"b546322\" data-elementor-lightbox-title=\"39\" data-e-action-hash=\"#elementor-action%3Aaction%3Dlightbox%26settings%3DeyJpZCI6MjQ4LCJ1cmwiOiJodHRwczpcL1wvYmFuZGF0ZXJtaW5hbHplcm8uY29tLmJyXC93cC1jb250ZW50XC91cGxvYWRzXC8yMDIzXC8wMVwvMzkuanBnIiwic2xpZGVzaG93IjoiYjU0NjMyMiJ9\" href='https:\/\/bandaterminalzero.com.br\/wp-content\/uploads\/2023\/01\/39.jpg'><img loading=\"lazy\" decoding=\"async\" width=\"567\" height=\"556\" src=\"https:\/\/bandaterminalzero.com.br\/wp-content\/uploads\/2023\/01\/39.jpg\" class=\"attachment-full size-full\" alt=\"\" srcset=\"https:\/\/bandaterminalzero.com.br\/wp-content\/uploads\/2023\/01\/39.jpg 567w, https:\/\/bandaterminalzero.com.br\/wp-content\/uploads\/2023\/01\/39-300x294.jpg 300w\" sizes=\"(max-width: 567px) 100vw, 567px\" \/><\/a>\n\t\t\t<\/div><\/figure><figure class='gallery-item'>\n\t\t\t<div class='gallery-icon portrait'>\n\t\t\t\t<a data-elementor-open-lightbox=\"yes\" data-elementor-lightbox-slideshow=\"b546322\" data-elementor-lightbox-title=\"41\" data-e-action-hash=\"#elementor-action%3Aaction%3Dlightbox%26settings%3DeyJpZCI6MjQ5LCJ1cmwiOiJodHRwczpcL1wvYmFuZGF0ZXJtaW5hbHplcm8uY29tLmJyXC93cC1jb250ZW50XC91cGxvYWRzXC8yMDIzXC8wMVwvNDEuanBnIiwic2xpZGVzaG93IjoiYjU0NjMyMiJ9\" href='https:\/\/bandaterminalzero.com.br\/wp-content\/uploads\/2023\/01\/41.jpg'><img loading=\"lazy\" decoding=\"async\" width=\"517\" height=\"673\" src=\"https:\/\/bandaterminalzero.com.br\/wp-content\/uploads\/2023\/01\/41.jpg\" class=\"attachment-full size-full\" alt=\"\" srcset=\"https:\/\/bandaterminalzero.com.br\/wp-content\/uploads\/2023\/01\/41.jpg 517w, https:\/\/bandaterminalzero.com.br\/wp-content\/uploads\/2023\/01\/41-230x300.jpg 230w\" sizes=\"(max-width: 517px) 100vw, 517px\" \/><\/a>\n\t\t\t<\/div><\/figure><figure class='gallery-item'>\n\t\t\t<div class='gallery-icon portrait'>\n\t\t\t\t<a data-elementor-open-lightbox=\"yes\" data-elementor-lightbox-slideshow=\"b546322\" data-elementor-lightbox-title=\"42\" data-e-action-hash=\"#elementor-action%3Aaction%3Dlightbox%26settings%3DeyJpZCI6MjUwLCJ1cmwiOiJodHRwczpcL1wvYmFuZGF0ZXJtaW5hbHplcm8uY29tLmJyXC93cC1jb250ZW50XC91cGxvYWRzXC8yMDIzXC8wMVwvNDIuanBnIiwic2xpZGVzaG93IjoiYjU0NjMyMiJ9\" href='https:\/\/bandaterminalzero.com.br\/wp-content\/uploads\/2023\/01\/42.jpg'><img loading=\"lazy\" decoding=\"async\" width=\"540\" height=\"668\" src=\"https:\/\/bandaterminalzero.com.br\/wp-content\/uploads\/2023\/01\/42.jpg\" class=\"attachment-full size-full\" alt=\"\" srcset=\"https:\/\/bandaterminalzero.com.br\/wp-content\/uploads\/2023\/01\/42.jpg 540w, https:\/\/bandaterminalzero.com.br\/wp-content\/uploads\/2023\/01\/42-243x300.jpg 243w\" sizes=\"(max-width: 540px) 100vw, 540px\" \/><\/a>\n\t\t\t<\/div><\/figure><figure class='gallery-item'>\n\t\t\t<div class='gallery-icon portrait'>\n\t\t\t\t<a data-elementor-open-lightbox=\"yes\" data-elementor-lightbox-slideshow=\"b546322\" data-elementor-lightbox-title=\"43\" data-e-action-hash=\"#elementor-action%3Aaction%3Dlightbox%26settings%3DeyJpZCI6MjUxLCJ1cmwiOiJodHRwczpcL1wvYmFuZGF0ZXJtaW5hbHplcm8uY29tLmJyXC93cC1jb250ZW50XC91cGxvYWRzXC8yMDIzXC8wMVwvNDMuanBnIiwic2xpZGVzaG93IjoiYjU0NjMyMiJ9\" href='https:\/\/bandaterminalzero.com.br\/wp-content\/uploads\/2023\/01\/43.jpg'><img loading=\"lazy\" decoding=\"async\" width=\"567\" height=\"668\" src=\"https:\/\/bandaterminalzero.com.br\/wp-content\/uploads\/2023\/01\/43.jpg\" class=\"attachment-full size-full\" alt=\"\" srcset=\"https:\/\/bandaterminalzero.com.br\/wp-content\/uploads\/2023\/01\/43.jpg 567w, https:\/\/bandaterminalzero.com.br\/wp-content\/uploads\/2023\/01\/43-255x300.jpg 255w\" sizes=\"(max-width: 567px) 100vw, 567px\" \/><\/a>\n\t\t\t<\/div><\/figure>\n\t\t<\/div>\n\t\t<\/div>\n\t\t\t\t\t\t<\/div>\n\t\t\t\t<\/div>\n\t\t\t\t\t<\/div>\n\t\t<\/div>\n\t\t\t\t\t<\/div>\n\t\t<\/section>\n\t\t\t\t<section class=\"elementor-section elementor-top-section elementor-element elementor-element-528f121f elementor-section-full_width elementor-section-content-middle elementor-reverse-mobile elementor-section-height-default elementor-section-height-default\" data-id=\"528f121f\" data-element_type=\"section\" data-settings=\"{&quot;background_background&quot;:&quot;classic&quot;}\">\n\t\t\t\t\t\t<div class=\"elementor-container elementor-column-gap-no\">\n\t\t\t\t\t<div class=\"elementor-column elementor-col-50 elementor-top-column elementor-element elementor-element-56c0b8d\" data-id=\"56c0b8d\" data-element_type=\"column\">\n\t\t\t<div class=\"elementor-widget-wrap elementor-element-populated\">\n\t\t\t\t\t\t<div class=\"elementor-element elementor-element-5f8f7aaf elementor-widget elementor-widget-heading\" data-id=\"5f8f7aaf\" data-element_type=\"widget\" data-widget_type=\"heading.default\">\n\t\t\t\t<div class=\"elementor-widget-container\">\n\t\t\t\t\t<h2 class=\"elementor-heading-title elementor-size-default\">Fale conosco<\/h2>\t\t\t\t<\/div>\n\t\t\t\t<\/div>\n\t\t\t\t<div class=\"elementor-element elementor-element-6e7c6945 elementor-widget elementor-widget-text-editor\" data-id=\"6e7c6945\" data-element_type=\"widget\" data-widget_type=\"text-editor.default\">\n\t\t\t\t<div class=\"elementor-widget-container\">\n\t\t\t\t\t\t\t\t\t<p>Se voc\u00ea estiver planejando um evento e procurando uma banda profissional, vers\u00e1til e animada, entre em contato conosco.<\/p><p>Estamos ansiosos para animar o seu pr\u00f3ximo evento e fazer com que seja inesquec\u00edvel!<\/p>\t\t\t\t\t\t\t\t<\/div>\n\t\t\t\t<\/div>\n\t\t\t\t<div class=\"elementor-element elementor-element-35c993aa elementor-invisible elementor-widget elementor-widget-button\" data-id=\"35c993aa\" data-element_type=\"widget\" data-settings=\"{&quot;_animation&quot;:&quot;fadeInDown&quot;}\" data-widget_type=\"button.default\">\n\t\t\t\t<div class=\"elementor-widget-container\">\n\t\t\t\t\t\t\t\t\t<div class=\"elementor-button-wrapper\">\n\t\t\t\t\t<a class=\"elementor-button elementor-button-link elementor-size-sm\" href=\"https:\/\/bandaterminalzero.com.br\/?page_id=8\">\n\t\t\t\t\t\t<span class=\"elementor-button-content-wrapper\">\n\t\t\t\t\t\t<span class=\"elementor-button-icon\">\n\t\t\t\t<i aria-hidden=\"true\" class=\"far fa-comments\"><\/i>\t\t\t<\/span>\n\t\t\t\t\t\t\t\t\t<span class=\"elementor-button-text\">Contatos<\/span>\n\t\t\t\t\t<\/span>\n\t\t\t\t\t<\/a>\n\t\t\t\t<\/div>\n\t\t\t\t\t\t\t\t<\/div>\n\t\t\t\t<\/div>\n\t\t\t\t\t<\/div>\n\t\t<\/div>\n\t\t\t\t<div class=\"elementor-column elementor-col-50 elementor-top-column elementor-element elementor-element-84cecd3\" data-id=\"84cecd3\" data-element_type=\"column\">\n\t\t\t<div class=\"elementor-widget-wrap elementor-element-populated\">\n\t\t\t\t\t\t<div class=\"elementor-element elementor-element-d8436f3 elementor-invisible elementor-widget elementor-widget-image\" data-id=\"d8436f3\" data-element_type=\"widget\" data-settings=\"{&quot;_animation&quot;:&quot;shake&quot;}\" data-widget_type=\"image.default\">\n\t\t\t\t<div class=\"elementor-widget-container\">\n\t\t\t\t\t\t\t\t\t\t\t\t\t\t\t<img loading=\"lazy\" decoding=\"async\" width=\"300\" height=\"172\" src=\"https:\/\/bandaterminalzero.com.br\/wp-content\/uploads\/2023\/10\/cropped-Logo-Terminal-Zero-Vermelho-300x172.png\" class=\"attachment-medium size-medium wp-image-496\" alt=\"\" srcset=\"https:\/\/bandaterminalzero.com.br\/wp-content\/uploads\/2023\/10\/cropped-Logo-Terminal-Zero-Vermelho-300x172.png 300w, https:\/\/bandaterminalzero.com.br\/wp-content\/uploads\/2023\/10\/cropped-Logo-Terminal-Zero-Vermelho-1024x588.png 1024w, https:\/\/bandaterminalzero.com.br\/wp-content\/uploads\/2023\/10\/cropped-Logo-Terminal-Zero-Vermelho-768x441.png 768w, https:\/\/bandaterminalzero.com.br\/wp-content\/uploads\/2023\/10\/cropped-Logo-Terminal-Zero-Vermelho-1536x882.png 1536w, https:\/\/bandaterminalzero.com.br\/wp-content\/uploads\/2023\/10\/cropped-Logo-Terminal-Zero-Vermelho-2048x1176.png 2048w\" sizes=\"(max-width: 300px) 100vw, 300px\" \/>\t\t\t\t\t\t\t\t\t\t\t\t\t\t\t<\/div>\n\t\t\t\t<\/div>\n\t\t\t\t\t<\/div>\n\t\t<\/div>\n\t\t\t\t\t<\/div>\n\t\t<\/section>\n\t\t\t\t<\/div>\n\t\t","protected":false},"excerpt":{"rendered":"<p>Portfolio Convidamos voc\u00ea a navegar pelo nosso portfolio e verificar por si mesmo porque somos a banda perfeita para animar o seu evento Folders Fale conosco Se voc\u00ea estiver planejando um evento e procurando uma banda profissional, vers\u00e1til e animada, entre em contato conosco. Estamos ansiosos para animar o seu pr\u00f3ximo evento e fazer com [&hellip;]<\/p>\n","protected":false},"author":1,"featured_media":0,"parent":0,"menu_order":0,"comment_status":"closed","ping_status":"closed","template":"elementor_header_footer","meta":{"footnotes":""},"class_list":["post-26","page","type-page","status-publish","hentry"],"aioseo_notices":[],"_links":{"self":[{"href":"https:\/\/bandaterminalzero.com.br\/index.php?rest_route=\/wp\/v2\/pages\/26","targetHints":{"allow":["GET"]}}],"collection":[{"href":"https:\/\/bandaterminalzero.com.br\/index.php?rest_route=\/wp\/v2\/pages"}],"about":[{"href":"https:\/\/bandaterminalzero.com.br\/index.php?rest_route=\/wp\/v2\/types\/page"}],"author":[{"embeddable":true,"href":"https:\/\/bandaterminalzero.com.br\/index.php?rest_route=\/wp\/v2\/users\/1"}],"replies":[{"embeddable":true,"href":"https:\/\/bandaterminalzero.com.br\/index.php?rest_route=%2Fwp%2Fv2%2Fcomments&post=26"}],"version-history":[{"count":60,"href":"https:\/\/bandaterminalzero.com.br\/index.php?rest_route=\/wp\/v2\/pages\/26\/revisions"}],"predecessor-version":[{"id":509,"href":"https:\/\/bandaterminalzero.com.br\/index.php?rest_route=\/wp\/v2\/pages\/26\/revisions\/509"}],"wp:attachment":[{"href":"https:\/\/bandaterminalzero.com.br\/index.php?rest_route=%2Fwp%2Fv2%2Fmedia&parent=26"}],"curies":[{"name":"wp","href":"https:\/\/api.w.org\/{rel}","templated":true}]}}